
{"id":12712,"date":"2023-06-14T12:15:55","date_gmt":"2023-06-14T11:15:55","guid":{"rendered":"https:\/\/www.nema.fo\/?page_id=12712"},"modified":"2024-04-09T09:30:43","modified_gmt":"2024-04-09T08:30:43","slug":"roaming-prices","status":"publish","type":"page","link":"https:\/\/www.nema.fo\/en\/phone-subscriptions\/roaming-prices\/","title":{"rendered":"Roaming Prices"},"content":{"rendered":"\n<div style=\"height:100px\" aria-hidden=\"true\" class=\"wp-block-spacer\"><\/div>\n\n\n\n<div id=\"media-and-content_block_6b723f95d2a0c33a141e1d9f0eded8b6\" class=\"lunnar-media-and-content alignwide image-position-right bg-border height-small \">\n\n    <div class=\"media-and-content--content\">\n        <div class=\"media-and-content--the-content\">\n            <div class=\"acf-innerblocks-container\">\n\n<h2 class=\"wp-block-heading\">Nema Roaming<\/h2>\n\n\n\n<p>Activate Nema Abroad on M\u00edtt Nema and use your phone just like home in all countries in <strong>Group 1<\/strong>. You can talk up to 20 hours, free texting and use all your included data package when abroad.<\/p>\n\n\n\n<p>You can activated Nema Abroad when you set up your phone subscription for a montly fee. You can always activate and deactivated Nema Abroad when you want.<\/p>\n\n\n\n<p>Cost:<strong> 125 kr\/mth. <\/strong>for your whole family.<\/p>\n\n\n\n<div class=\"wp-block-buttons is-layout-flex wp-block-buttons-is-layout-flex\">\n<div class=\"wp-block-button\"><a class=\"wp-block-button__link has-purple-background-color has-background wp-element-button\" href=\"https:\/\/mitt.nema.fo\/\">Activate on M\u00edtt Nema<\/a><\/div>\n<\/div>\n\n<\/div>\n        <\/div>\n    <\/div>\n\n    \n<\/div>\n\n\n<div style=\"height:100px\" aria-hidden=\"true\" class=\"wp-block-spacer\"><\/div>\n\n\n\n<h2 class=\"wp-block-heading has-text-align-center\">These countries are included in Nema Abroad (Group 1)<\/h2>\n\n\n\n<p class=\"has-text-align-center\">Activate Nema Abroad and roam as you wish in <strong>50+ countries<\/strong> around the world.<\/p>\n\n\n\n<div style=\"height:50px\" aria-hidden=\"true\" class=\"wp-block-spacer\"><\/div>\n\n\n\n<div class=\"wp-block-columns alignwide is-layout-flex wp-container-core-columns-is-layout-9d6595d7 wp-block-columns-is-layout-flex\">\n<div class=\"wp-block-column is-layout-flow wp-block-column-is-layout-flow\">\n<p><strong>\u00c1<\/strong><br>\u00c1land<\/p>\n\n\n\n<p><strong>A<\/strong><br>Alaska<br>Albania<br>Amerikansku Jomfr\u00faoyggjar<br>Andorra<br>Argentina<br>Armenia<br>Aserbadjan&nbsp;<br>Asorurnar<br>Avstralia<\/p>\n\n\n\n<p><strong>B<\/strong><br>Bangladessj&nbsp;<br>Barain&nbsp;<br>Belgia<br>Bosnia og Hersegovina&nbsp;<br>Brasil<br>Bulgaria<\/p>\n\n\n\n<p><strong>D<\/strong><br>Danmark<br>Dominikanska tj\u00f3\u00f0veldi<br>Dubai<\/p>\n\n\n\n<p><strong>E<\/strong><br>Egyptaland&nbsp;<br>Ekvador<br>El Salvador<br>Estland<br>Eysturr\u00edki<\/p>\n\n\n\n<p><strong>F<\/strong><br>Filipsoyggjar&nbsp;<br>Finnland<br>Frakland<br>French West Indies&nbsp;<\/p>\n<\/div>\n\n\n\n<div class=\"wp-block-column is-layout-flow wp-block-column-is-layout-flow\">\n<p><strong>G<\/strong><br>Gana&nbsp;<br>Georgia&nbsp;<br>Gibraltar<br>Gotland<br>Grikkaland<br>Gr\u00f8nland<br>Guatemala<br>Guernsey<\/p>\n\n\n\n<p><strong>H<\/strong><br>Hawaii<br>Holland<br>Honduras&nbsp;<br>Hong Kong&nbsp;<br>Hv\u00edtarussland<\/p>\n\n\n\n<p><strong>I<\/strong><br>Ibisa<br>India<br>Indonesia&nbsp;<br>Isle of Man<br>Isle of Wight<br>Italia<\/p>\n\n\n\n<p><strong>\u00cd<\/strong><br>\u00cdrland<br>\u00cdsland<br>\u00cdsrael<\/p>\n\n\n\n<p><strong>J<\/strong><br>Japan&nbsp;<br>Jersey<\/p>\n<\/div>\n\n\n\n<div class=\"wp-block-column is-layout-flow wp-block-column-is-layout-flow\">\n<p><strong>K<\/strong><br>Kambodja&nbsp;<br>Kanada<br>Kanarisku Oyggjarnar<br>Kasakstan&nbsp;<br>Katar<br>Katar&nbsp;<br>Kekkia<br>Kili (Ikki m\u00edtt nema)&nbsp;<br>Kina<br>Kirgisistan<br>Kolumbia&nbsp;<br>Kongo&nbsp;<br>Korea&nbsp;<br>Kosta Rika<br>Kreta<br>Kroatia<br>Kuvait (Ikki m\u00edtt nema)&nbsp;<br>K\u00fdpros (Grikski parturin)<\/p>\n\n\n\n<p><strong>L<\/strong><br>Lettland<br>Liktinstein<br>Litava<br>Luksemborg<\/p>\n\n\n\n<p><strong>M<\/strong><br>Madeira<br>Makau (Ikki m\u00edtt nema)&nbsp;<br>Maked\u00f3nia<br>Maleisia<br>Mallorka<br>Malta<br>Meksiko&nbsp;<br>Minorka<br>Moldova&nbsp;<br>Montenegro<\/p>\n<\/div>\n\n\n\n<div class=\"wp-block-column is-layout-flow wp-block-column-is-layout-flow\">\n<p><strong>N<\/strong><br>Nikaragua&nbsp;<br>Nor\u00f0ur\u00edrland<br>Norra<br>N\u00fds\u00e6land&nbsp;<\/p>\n\n\n\n<p><strong>O<\/strong><br>Ongland<\/p>\n\n\n\n<p><strong>P<\/strong><br>Pakistan (Ikki m\u00edtt nema)&nbsp;<br>Panama<br>Paraguei<br>Per\u00fa<br>P\u00f3land<br>Portugal<br>Puerto Riko<\/p>\n\n\n\n<p><strong>R<\/strong><br>Rodos<br>Rumenia<br>Russland<\/p>\n\n\n\n<p><strong>S<\/strong><br>Sameindu Arabisku Emiratirnar<br>Sardinia<br>Saudiarabia&nbsp;<br>Serbia<br>Singapor<br>Sisilia<br>Skotland<br>Slovakia<br>Slovenia<br>Spania<br>St\u00f3rabretland<br>Sudan<br>Su\u00f0ur Afrika&nbsp;<br>Su\u00f0urkorea<br>Sveis<br>Sv\u00f8r\u00edki<\/p>\n<\/div>\n\n\n\n<div class=\"wp-block-column is-layout-flow wp-block-column-is-layout-flow\">\n<p><strong>T<\/strong><br>Tailand<br>Taivan&nbsp;<br>Tunesia&nbsp;<br>Turkaland<br>T\u00fdskland<\/p>\n\n\n\n<p><strong>U<\/strong><br>Ukraina<br>Ungarn<br>Uruguai<br>USA<br>Usbekistan&nbsp;<\/p>\n\n\n\n<p><strong>V<\/strong><br>Venesuela&nbsp;<br>Vietnam&nbsp;<\/p>\n\n\n\n<p><strong>W<\/strong><br>Wales<\/p>\n<\/div>\n<\/div>\n\n\n\n<div style=\"height:100px\" aria-hidden=\"true\" class=\"wp-block-spacer\"><\/div>\n\n\n\n<div class=\"wp-block-cover alignfull is-light has-parallax\"><span aria-hidden=\"true\" class=\"wp-block-cover__background has-background-dim\"><\/span><div class=\"wp-block-cover__image-background wp-image-698 has-parallax\" style=\"background-position:50% 50%;background-image:url(https:\/\/www.nema.fo\/wp-content\/uploads\/2023\/05\/iStock-157772435.jpg)\"><\/div><div class=\"wp-block-cover__inner-container is-layout-flow wp-block-cover-is-layout-flow\">\n<h2 class=\"wp-block-heading has-text-align-center has-white-color has-text-color has-large-font-size\">Now also in Dubai<\/h2>\n\n\n\n<div class=\"wp-block-buttons is-content-justification-center is-layout-flex wp-container-core-buttons-is-layout-16018d1d wp-block-buttons-is-layout-flex\">\n<div class=\"wp-block-button has-custom-width wp-block-button__width-25\"><a class=\"wp-block-button__link has-purple-color has-background-background-color has-text-color has-background has-text-align-center wp-element-button\" href=\"https:\/\/mitt.nema.fo\" target=\"_blank\" rel=\"noreferrer noopener\">Go to M\u00edtt Nema<\/a><\/div>\n<\/div>\n<\/div><\/div>\n\n\n\n<div style=\"height:68px\" aria-hidden=\"true\" class=\"wp-block-spacer\"><\/div>\n\n\n\n<div class=\"wp-block-columns alignwide is-layout-flex wp-container-core-columns-is-layout-9d6595d7 wp-block-columns-is-layout-flex\">\n<div class=\"wp-block-column is-layout-flow wp-block-column-is-layout-flow\">\n<h2 class=\"wp-block-heading has-text-align-center\">Prices abroad<\/h2>\n\n\n\n<div style=\"height:15px\" aria-hidden=\"true\" class=\"wp-block-spacer\"><\/div>\n\n\n\n<figure class=\"wp-block-table is-style-stripes\"><table><thead><tr><th class=\"has-text-align-center\" data-align=\"center\"><\/th><th class=\"has-text-align-center\" data-align=\"center\">Group 1<br>w\/ Nema Abroad<\/th><th class=\"has-text-align-center\" data-align=\"center\">Group 1<br>u\/ Nema Abroad<\/th><th class=\"has-text-align-center\" data-align=\"center\">Group 2<br>Other countries<\/th><\/tr><\/thead><tbody><tr><td class=\"has-text-align-center\" data-align=\"center\"><strong>Receive<\/strong><\/td><td class=\"has-text-align-center\" data-align=\"center\">Fr\u00edtt<\/td><td class=\"has-text-align-center\" data-align=\"center\">1,99 kr\/min<\/td><td class=\"has-text-align-center\" data-align=\"center\">10 kr\/min<\/td><\/tr><tr><td class=\"has-text-align-center\" data-align=\"center\"><strong>Call<\/strong><\/td><td class=\"has-text-align-center\" data-align=\"center\">Fr\u00edtt<\/td><td class=\"has-text-align-center\" data-align=\"center\">1,99 kr\/min<\/td><td class=\"has-text-align-center\" data-align=\"center\">34 kr\/min<\/td><\/tr><tr><td class=\"has-text-align-center\" data-align=\"center\"><strong>Text<\/strong><\/td><td class=\"has-text-align-center\" data-align=\"center\">Fr\u00edtt<\/td><td class=\"has-text-align-center\" data-align=\"center\">1,99 kr\/Text<\/td><td class=\"has-text-align-center\" data-align=\"center\">7 kr\/Text<\/td><\/tr><tr><td class=\"has-text-align-center\" data-align=\"center\"><strong>Data<\/strong><\/td><td class=\"has-text-align-center\" data-align=\"center\">&lt; 50 GB\/mth. free<\/td><td class=\"has-text-align-center\" data-align=\"center\">1,99 kr\/MB<\/td><td class=\"has-text-align-center\" data-align=\"center\">145 kr\/MB<\/td><\/tr><\/tbody><\/table><\/figure>\n<\/div>\n\n\n\n<div class=\"wp-block-column is-layout-flow wp-block-column-is-layout-flow\">\n<h2 class=\"wp-block-heading has-text-align-center\">Out of the Faroe Islands<\/h2>\n\n\n\n<div style=\"height:15px\" aria-hidden=\"true\" class=\"wp-block-spacer\"><\/div>\n\n\n\n<figure class=\"wp-block-table is-style-stripes\"><table><thead><tr><th class=\"has-text-align-center\" data-align=\"center\"><\/th><th class=\"has-text-align-center\" data-align=\"center\">Group 1<br>w\/ Nema Abroad<\/th><th class=\"has-text-align-center\" data-align=\"center\">Group 1<br>u\/ Nema Abroad<\/th><th class=\"has-text-align-center\" data-align=\"center\">Group 2<br>Other countries<\/th><\/tr><\/thead><tbody><tr><td class=\"has-text-align-center\" data-align=\"center\"><strong>Call<\/strong><\/td><td class=\"has-text-align-center\" data-align=\"center\">Free<\/td><td class=\"has-text-align-center\" data-align=\"center\">1,50 kr\/min<\/td><td class=\"has-text-align-center\" data-align=\"center\">8 kr\/min<\/td><\/tr><tr><td class=\"has-text-align-center\" data-align=\"center\">Text<\/td><td class=\"has-text-align-center\" data-align=\"center\">Free<\/td><td class=\"has-text-align-center\" data-align=\"center\">1,25 kr\/Text<\/td><td class=\"has-text-align-center\" data-align=\"center\">1,25 kr\/Text<\/td><\/tr><\/tbody><\/table><\/figure>\n<\/div>\n<\/div>\n\n\n\n<div style=\"height:100px\" aria-hidden=\"true\" class=\"wp-block-spacer\"><\/div>\n\n\n\n<div id=\"media-and-content_block_0104d552b4ec54d03a6ae170fc331b25\" class=\"lunnar-media-and-content alignwide image-position-right bg-gredient height-small has-image\">\n\n    <div class=\"media-and-content--content\">\n        <div class=\"media-and-content--the-content\">\n            <div class=\"acf-innerblocks-container\">\n\n<h2 class=\"wp-block-heading\">Need more data abroad?<\/h2>\n\n\n\n<p>Use all your included data (up to 50GB\/mth.) while Nema Abroad is activated. This means, that if you have a 15GB M\u00edtt Nema subscription, then you can use all of your 15GB abroad.<\/p>\n\n\n\n<p>You can always purchase more roaming data on M\u00edtt Nema if needed.<\/p>\n\n\n\n<p><\/p>\n\n\n\n<div style=\"height:15px\" aria-hidden=\"true\" class=\"wp-block-spacer\"><\/div>\n\n\n\n<div class=\"wp-block-buttons is-layout-flex wp-block-buttons-is-layout-flex\">\n<div class=\"wp-block-button has-custom-width wp-block-button__width-50\"><a class=\"wp-block-button__link has-purple-background-color has-background wp-element-button\" href=\"https:\/\/mitt.nema.fo\" target=\"_blank\" rel=\"noreferrer noopener\">M\u00edtt Nema<\/a><\/div>\n<\/div>\n\n<\/div>\n        <\/div>\n    <\/div>\n\n            <div class=\"media-and-content--media \">\n                            <img loading=\"lazy\" decoding=\"async\" src=\"https:\/\/www.nema.fo\/wp-content\/uploads\/2023\/06\/DSC01463-1600x900.jpg\" width=\"1600\" height=\"900\" alt=\"\" style=\"object-position: 50% 50%;\">\n                    <\/div>\n    \n<\/div>\n\n\n<div style=\"height:100px\" aria-hidden=\"true\" class=\"wp-block-spacer\"><\/div>\n\n\n\n<div class=\"wp-block-columns alignwide is-layout-flex wp-container-core-columns-is-layout-9d6595d7 wp-block-columns-is-layout-flex\">\n<div class=\"wp-block-column is-layout-flow wp-block-column-is-layout-flow\">\n<h3 class=\"wp-block-heading has-text-align-center\">MCP Cruise and Ferries (Norr\u00f8na)<\/h3>\n\n\n\n<div style=\"height:20px\" aria-hidden=\"true\" class=\"wp-block-spacer\"><\/div>\n\n\n\n<figure class=\"wp-block-table is-style-stripes\"><table><tbody><tr><td><strong>Receive calls<\/strong><\/td><td>6 kr\/min<\/td><\/tr><tr><td><strong>Call to Faroe Islands and locally<\/strong><\/td><td>12 kr\/min<\/td><\/tr><tr><td><strong><strong>Calls out of the Faroe Islands<\/strong><\/strong><\/td><td>12 kr\/min<\/td><\/tr><tr><td><strong>Text<\/strong><\/td><td>7,50 kr\/Text<\/td><\/tr><tr><td><strong>Uppringingargjald<\/strong><\/td><td>1 kr<\/td><\/tr><tr><td><strong>Data<\/strong><\/td><td>3 kr\/MB<\/td><\/tr><\/tbody><\/table><\/figure>\n<\/div>\n\n\n\n<div class=\"wp-block-column is-layout-flow wp-block-column-is-layout-flow\">\n<h3 class=\"wp-block-heading has-text-align-center\">MCP Offshore<\/h3>\n\n\n\n<div style=\"height:20px\" aria-hidden=\"true\" class=\"wp-block-spacer\"><\/div>\n\n\n\n<figure class=\"wp-block-table is-style-stripes\"><table><tbody><tr><td><strong><strong>Receive calls<\/strong><\/strong><\/td><td>0,99 kr\/min<\/td><\/tr><tr><td><strong><strong>Call to Faroe Islands and locally<\/strong><\/strong><\/td><td>0,99 kr\/min<\/td><\/tr><tr><td><strong>Calls out of the Faroe Islands<\/strong><\/td><td>0,99 kr\/min<\/td><\/tr><tr><td><strong>Text<\/strong><\/td><td>0,99 kr\/Text<\/td><\/tr><tr><td><strong>Uppringingargjald<\/strong><\/td><td>0,99 kr<\/td><\/tr><tr><td><strong>Data<\/strong><\/td><td>0,75 kr\/MB<\/td><\/tr><\/tbody><\/table><\/figure>\n<\/div>\n<\/div>\n\n\n\n<div style=\"height:100px\" aria-hidden=\"true\" class=\"wp-block-spacer\"><\/div>\n\n\n\n<div id=\"accordion_block_6dc22867a5b04d98800d0c4e3793bf9f\" class=\"lunnar-accordion style-dark columns-2\">\n\n    \n            <div class=\"accordion-item\">\n            <div class=\"accordion-item--title\">\n                B\u00f3lkur 1                <img decoding=\"async\" src=\"https:\/\/www.nema.fo\/wp-content\/themes\/lunnar-nema\/images\/icon-chevron.svg\" class=\"injectable\" \/>            <\/div>\n            <div class=\"accordion-item--content\">\n                <div class=\"accordion-item--content--inner\">\n                    <p>Andorra, Belgia, Bosnia, Bulgaria, Danmark, Estland, Eysturr\u00edki, Finnland, Frakland, Franska Gujana, Gibraltar, Grikkaland, Gr\u00f8nland, \u00cdrland, \u00cdsland, Italia, Kekkia, Kroatia, K\u00fdpros, Lettland, Liktenstein, Litava, Luksenborg, Maked\u00f3nia, Malta, Mayotte, Monako, Ni\u00f0urlond, Noreg, P\u00f3lland, Portugal, Reunion, Rumenia, San Marino, Serbia, Slovakia, Slovenia, Spania, St\u00f3ra Bretland, Sveis, Sv\u00f8r\u00edki, T\u00fdskland og Ungarn<\/p>\n                <\/div>\n            <\/div>\n        <\/div>\n            <div class=\"accordion-item\">\n            <div class=\"accordion-item--title\">\n                B\u00f3lkur 2                <img decoding=\"async\" src=\"https:\/\/www.nema.fo\/wp-content\/themes\/lunnar-nema\/images\/icon-chevron.svg\" class=\"injectable\" \/>            <\/div>\n            <div class=\"accordion-item--content\">\n                <div class=\"accordion-item--content--inner\">\n                    <p>Avstralia, Hong Kong, Japan, Kanada, Montenegro, N\u00fds\u00e6land, Singapor og USA<\/p>\n                <\/div>\n            <\/div>\n        <\/div>\n            <div class=\"accordion-item\">\n            <div class=\"accordion-item--title\">\n                B\u00f3lkur 3                <img decoding=\"async\" src=\"https:\/\/www.nema.fo\/wp-content\/themes\/lunnar-nema\/images\/icon-chevron.svg\" class=\"injectable\" \/>            <\/div>\n            <div class=\"accordion-item--content\">\n                <div class=\"accordion-item--content--inner\">\n                    <p>Georgia, Gibraltar, \u00cdsrael, K\u00fdpros, Marokko, Moldova, Russland og Turkaland<\/p>\n                <\/div>\n            <\/div>\n        <\/div>\n            <div class=\"accordion-item\">\n            <div class=\"accordion-item--title\">\n                B\u00f3lkur 4                <img decoding=\"async\" src=\"https:\/\/www.nema.fo\/wp-content\/themes\/lunnar-nema\/images\/icon-chevron.svg\" class=\"injectable\" \/>            <\/div>\n            <div class=\"accordion-item--content\">\n                <div class=\"accordion-item--content--inner\">\n                    <p>Algeria, Armenia, Aserbajdsjan, Brasilia, Costa Rica, El Salvador, Filipsoyggjar, Gr\u00f8nland, Hv\u00edtarusland, Indunesia, Kirgisia, Meksiko, Peru, Sri Lanka, Su\u00f0urafrika, Tadsjikistan, Tansania, Teiland, Tunis, Turkmenistan og Ukreina<\/p>\n                <\/div>\n            <\/div>\n        <\/div>\n            <div class=\"accordion-item\">\n            <div class=\"accordion-item--title\">\n                B\u00f3lkur 5                <img decoding=\"async\" src=\"https:\/\/www.nema.fo\/wp-content\/themes\/lunnar-nema\/images\/icon-chevron.svg\" class=\"injectable\" \/>            <\/div>\n            <div class=\"accordion-item--content\">\n                <div class=\"accordion-item--content--inner\">\n                    <p>\u00d8ll onnur lond<\/p>\n                <\/div>\n            <\/div>\n        <\/div>\n    \n<\/div>\n\n\n<div style=\"height:100px\" aria-hidden=\"true\" class=\"wp-block-spacer\"><\/div>\n","protected":false},"excerpt":{"rendered":"<p>These countries are included in Nema Abroad (Group 1) Activate Nema Abroad and roam as you wish in 50+ countries around the world. \u00c1\u00c1land AAlaskaAlbaniaAmerikansku Jomfr\u00faoyggjarAndorraArgentinaArmeniaAserbadjan&nbsp;AsorurnarAvstralia BBangladessj&nbsp;Barain&nbsp;BelgiaBosnia og Hersegovina&nbsp;BrasilBulgaria DDanmarkDominikanska tj\u00f3\u00f0veldiDubai EEgyptaland&nbsp;EkvadorEl SalvadorEstlandEysturr\u00edki FFilipsoyggjar&nbsp;FinnlandFraklandFrench West Indies&nbsp; GGana&nbsp;Georgia&nbsp;GibraltarGotlandGrikkalandGr\u00f8nlandGuatemalaGuernsey HHawaiiHollandHonduras&nbsp;Hong Kong&nbsp;Hv\u00edtarussland IIbisaIndiaIndonesia&nbsp;Isle of ManIsle of WightItalia \u00cd\u00cdrland\u00cdsland\u00cdsrael JJapan&nbsp;Jersey KKambodja&nbsp;KanadaKanarisku OyggjarnarKasakstan&nbsp;KatarKatar&nbsp;KekkiaKili (Ikki m\u00edtt nema)&nbsp;KinaKirgisistanKolumbia&nbsp;Kongo&nbsp;Korea&nbsp;Kosta RikaKretaKroatiaKuvait (Ikki m\u00edtt nema)&nbsp;K\u00fdpros [&hellip;]<\/p>\n","protected":false},"author":2,"featured_media":0,"parent":12540,"menu_order":0,"comment_status":"closed","ping_status":"closed","template":"","meta":{"_acf_changed":false,"footnotes":""},"class_list":["post-12712","page","type-page","status-publish","hentry"],"acf":[],"yoast_head":"<!-- This site is optimized with the Yoast SEO plugin v27.3 - https:\/\/yoast.com\/product\/yoast-seo-wordpress\/ -->\n<title>Roaming Prices - Nema<\/title>\n<meta name=\"robots\" content=\"index, follow, max-snippet:-1, max-image-preview:large, max-video-preview:-1\" \/>\n<link rel=\"canonical\" href=\"https:\/\/www.nema.fo\/en\/phone-subscriptions\/roaming-prices\/\" \/>\n<meta property=\"og:locale\" content=\"en_US\" \/>\n<meta property=\"og:type\" content=\"article\" \/>\n<meta property=\"og:title\" content=\"Roaming Prices - Nema\" \/>\n<meta property=\"og:description\" content=\"These countries are included in Nema Abroad (Group 1) Activate Nema Abroad and roam as you wish in 50+ countries around the world. \u00c1\u00c1land AAlaskaAlbaniaAmerikansku Jomfr\u00faoyggjarAndorraArgentinaArmeniaAserbadjan&nbsp;AsorurnarAvstralia BBangladessj&nbsp;Barain&nbsp;BelgiaBosnia og Hersegovina&nbsp;BrasilBulgaria DDanmarkDominikanska tj\u00f3\u00f0veldiDubai EEgyptaland&nbsp;EkvadorEl SalvadorEstlandEysturr\u00edki FFilipsoyggjar&nbsp;FinnlandFraklandFrench West Indies&nbsp; GGana&nbsp;Georgia&nbsp;GibraltarGotlandGrikkalandGr\u00f8nlandGuatemalaGuernsey HHawaiiHollandHonduras&nbsp;Hong Kong&nbsp;Hv\u00edtarussland IIbisaIndiaIndonesia&nbsp;Isle of ManIsle of WightItalia \u00cd\u00cdrland\u00cdsland\u00cdsrael JJapan&nbsp;Jersey KKambodja&nbsp;KanadaKanarisku OyggjarnarKasakstan&nbsp;KatarKatar&nbsp;KekkiaKili (Ikki m\u00edtt nema)&nbsp;KinaKirgisistanKolumbia&nbsp;Kongo&nbsp;Korea&nbsp;Kosta RikaKretaKroatiaKuvait (Ikki m\u00edtt nema)&nbsp;K\u00fdpros [&hellip;]\" \/>\n<meta property=\"og:url\" content=\"https:\/\/www.nema.fo\/en\/phone-subscriptions\/roaming-prices\/\" \/>\n<meta property=\"og:site_name\" content=\"Nema\" \/>\n<meta property=\"article:modified_time\" content=\"2024-04-09T08:30:43+00:00\" \/>\n<meta name=\"twitter:card\" content=\"summary_large_image\" \/>\n<meta name=\"twitter:label1\" content=\"Est. reading time\" \/>\n\t<meta name=\"twitter:data1\" content=\"3 minutes\" \/>\n<script type=\"application\/ld+json\" class=\"yoast-schema-graph\">{\"@context\":\"https:\\\/\\\/schema.org\",\"@graph\":[{\"@type\":\"WebPage\",\"@id\":\"https:\\\/\\\/www.nema.fo\\\/en\\\/phone-subscriptions\\\/roaming-prices\\\/\",\"url\":\"https:\\\/\\\/www.nema.fo\\\/en\\\/phone-subscriptions\\\/roaming-prices\\\/\",\"name\":\"Roaming Prices - Nema\",\"isPartOf\":{\"@id\":\"https:\\\/\\\/www.nema.fo\\\/en\\\/#website\"},\"datePublished\":\"2023-06-14T11:15:55+00:00\",\"dateModified\":\"2024-04-09T08:30:43+00:00\",\"breadcrumb\":{\"@id\":\"https:\\\/\\\/www.nema.fo\\\/en\\\/phone-subscriptions\\\/roaming-prices\\\/#breadcrumb\"},\"inLanguage\":\"en-US\",\"potentialAction\":[{\"@type\":\"ReadAction\",\"target\":[\"https:\\\/\\\/www.nema.fo\\\/en\\\/phone-subscriptions\\\/roaming-prices\\\/\"]}]},{\"@type\":\"BreadcrumbList\",\"@id\":\"https:\\\/\\\/www.nema.fo\\\/en\\\/phone-subscriptions\\\/roaming-prices\\\/#breadcrumb\",\"itemListElement\":[{\"@type\":\"ListItem\",\"position\":1,\"name\":\"Home\",\"item\":\"https:\\\/\\\/www.nema.fo\\\/en\\\/\"},{\"@type\":\"ListItem\",\"position\":2,\"name\":\"Roaming Prices\"}]},{\"@type\":\"WebSite\",\"@id\":\"https:\\\/\\\/www.nema.fo\\\/en\\\/#website\",\"url\":\"https:\\\/\\\/www.nema.fo\\\/en\\\/\",\"name\":\"Nema\",\"description\":\"\",\"potentialAction\":[{\"@type\":\"SearchAction\",\"target\":{\"@type\":\"EntryPoint\",\"urlTemplate\":\"https:\\\/\\\/www.nema.fo\\\/en\\\/?s={search_term_string}\"},\"query-input\":{\"@type\":\"PropertyValueSpecification\",\"valueRequired\":true,\"valueName\":\"search_term_string\"}}],\"inLanguage\":\"en-US\"}]}<\/script>\n<!-- \/ Yoast SEO plugin. -->","yoast_head_json":{"title":"Roaming Prices - Nema","robots":{"index":"index","follow":"follow","max-snippet":"max-snippet:-1","max-image-preview":"max-image-preview:large","max-video-preview":"max-video-preview:-1"},"canonical":"https:\/\/www.nema.fo\/en\/phone-subscriptions\/roaming-prices\/","og_locale":"en_US","og_type":"article","og_title":"Roaming Prices - Nema","og_description":"These countries are included in Nema Abroad (Group 1) Activate Nema Abroad and roam as you wish in 50+ countries around the world. \u00c1\u00c1land AAlaskaAlbaniaAmerikansku Jomfr\u00faoyggjarAndorraArgentinaArmeniaAserbadjan&nbsp;AsorurnarAvstralia BBangladessj&nbsp;Barain&nbsp;BelgiaBosnia og Hersegovina&nbsp;BrasilBulgaria DDanmarkDominikanska tj\u00f3\u00f0veldiDubai EEgyptaland&nbsp;EkvadorEl SalvadorEstlandEysturr\u00edki FFilipsoyggjar&nbsp;FinnlandFraklandFrench West Indies&nbsp; GGana&nbsp;Georgia&nbsp;GibraltarGotlandGrikkalandGr\u00f8nlandGuatemalaGuernsey HHawaiiHollandHonduras&nbsp;Hong Kong&nbsp;Hv\u00edtarussland IIbisaIndiaIndonesia&nbsp;Isle of ManIsle of WightItalia \u00cd\u00cdrland\u00cdsland\u00cdsrael JJapan&nbsp;Jersey KKambodja&nbsp;KanadaKanarisku OyggjarnarKasakstan&nbsp;KatarKatar&nbsp;KekkiaKili (Ikki m\u00edtt nema)&nbsp;KinaKirgisistanKolumbia&nbsp;Kongo&nbsp;Korea&nbsp;Kosta RikaKretaKroatiaKuvait (Ikki m\u00edtt nema)&nbsp;K\u00fdpros [&hellip;]","og_url":"https:\/\/www.nema.fo\/en\/phone-subscriptions\/roaming-prices\/","og_site_name":"Nema","article_modified_time":"2024-04-09T08:30:43+00:00","twitter_card":"summary_large_image","twitter_misc":{"Est. reading time":"3 minutes"},"schema":{"@context":"https:\/\/schema.org","@graph":[{"@type":"WebPage","@id":"https:\/\/www.nema.fo\/en\/phone-subscriptions\/roaming-prices\/","url":"https:\/\/www.nema.fo\/en\/phone-subscriptions\/roaming-prices\/","name":"Roaming Prices - Nema","isPartOf":{"@id":"https:\/\/www.nema.fo\/en\/#website"},"datePublished":"2023-06-14T11:15:55+00:00","dateModified":"2024-04-09T08:30:43+00:00","breadcrumb":{"@id":"https:\/\/www.nema.fo\/en\/phone-subscriptions\/roaming-prices\/#breadcrumb"},"inLanguage":"en-US","potentialAction":[{"@type":"ReadAction","target":["https:\/\/www.nema.fo\/en\/phone-subscriptions\/roaming-prices\/"]}]},{"@type":"BreadcrumbList","@id":"https:\/\/www.nema.fo\/en\/phone-subscriptions\/roaming-prices\/#breadcrumb","itemListElement":[{"@type":"ListItem","position":1,"name":"Home","item":"https:\/\/www.nema.fo\/en\/"},{"@type":"ListItem","position":2,"name":"Roaming Prices"}]},{"@type":"WebSite","@id":"https:\/\/www.nema.fo\/en\/#website","url":"https:\/\/www.nema.fo\/en\/","name":"Nema","description":"","potentialAction":[{"@type":"SearchAction","target":{"@type":"EntryPoint","urlTemplate":"https:\/\/www.nema.fo\/en\/?s={search_term_string}"},"query-input":{"@type":"PropertyValueSpecification","valueRequired":true,"valueName":"search_term_string"}}],"inLanguage":"en-US"}]}},"_links":{"self":[{"href":"https:\/\/www.nema.fo\/en\/wp-json\/wp\/v2\/pages\/12712","targetHints":{"allow":["GET"]}}],"collection":[{"href":"https:\/\/www.nema.fo\/en\/wp-json\/wp\/v2\/pages"}],"about":[{"href":"https:\/\/www.nema.fo\/en\/wp-json\/wp\/v2\/types\/page"}],"author":[{"embeddable":true,"href":"https:\/\/www.nema.fo\/en\/wp-json\/wp\/v2\/users\/2"}],"replies":[{"embeddable":true,"href":"https:\/\/www.nema.fo\/en\/wp-json\/wp\/v2\/comments?post=12712"}],"version-history":[{"count":7,"href":"https:\/\/www.nema.fo\/en\/wp-json\/wp\/v2\/pages\/12712\/revisions"}],"predecessor-version":[{"id":12737,"href":"https:\/\/www.nema.fo\/en\/wp-json\/wp\/v2\/pages\/12712\/revisions\/12737"}],"up":[{"embeddable":true,"href":"https:\/\/www.nema.fo\/en\/wp-json\/wp\/v2\/pages\/12540"}],"wp:attachment":[{"href":"https:\/\/www.nema.fo\/en\/wp-json\/wp\/v2\/media?parent=12712"}],"curies":[{"name":"wp","href":"https:\/\/api.w.org\/{rel}","templated":true}]}}